{"id":1820,"date":"2025-12-04T14:50:30","date_gmt":"2025-12-04T13:50:30","guid":{"rendered":"https:\/\/projetweb.site\/holtersuppliessas\/contacto\/"},"modified":"2026-03-24T15:55:46","modified_gmt":"2026-03-24T14:55:46","slug":"contacto","status":"publish","type":"page","link":"https:\/\/holtersupplies.com\/es\/contacto\/","title":{"rendered":"Contacto"},"content":{"rendered":"\t\t<div data-elementor-type=\"wp-page\" data-elementor-id=\"1820\" class=\"elementor elementor-1820 elementor-70\">\n\t\t\t\t<div class=\"elementor-element elementor-element-faf9e07 e-flex e-con-boxed e-con e-parent\" data-id=\"faf9e07\" data-element_type=\"container\" data-e-type=\"container\">\n\t\t\t\t\t<div class=\"e-con-inner\">\n\t\t<div class=\"elementor-element elementor-element-08a99e4 e-con-full e-flex e-con e-child\" data-id=\"08a99e4\" data-element_type=\"container\" data-e-type=\"container\" data-settings=\"{&quot;background_background&quot;:&quot;classic&quot;}\">\n\t\t<div class=\"elementor-element elementor-element-0231f14 e-con-full e-flex e-con e-child\" data-id=\"0231f14\" data-element_type=\"container\" data-e-type=\"container\">\n\t\t\t\t<div class=\"elementor-element elementor-element-f495701 elementor-widget elementor-widget-heading\" data-id=\"f495701\" data-element_type=\"widget\" data-e-type=\"widget\" data-widget_type=\"heading.default\">\n\t\t\t\t\t<h1 class=\"elementor-heading-title elementor-size-default\">Contacto<\/h1>\t\t\t\t<\/div>\n\t\t\t\t<div class=\"elementor-element elementor-element-cf75c4c elementor-widget elementor-widget-heading\" data-id=\"cf75c4c\" data-element_type=\"widget\" data-e-type=\"widget\" data-widget_type=\"heading.default\">\n\t\t\t\t\t<h2 class=\"elementor-heading-title elementor-size-default\">\u00bfTiene alguna pregunta?\n<\/h2>\t\t\t\t<\/div>\n\t\t\t\t<\/div>\n\t\t<div class=\"elementor-element elementor-element-8e133f2 e-con-full e-flex e-con e-child\" data-id=\"8e133f2\" data-element_type=\"container\" data-e-type=\"container\">\n\t\t\t\t<div class=\"elementor-element elementor-element-e8c666f elementor-align-justify elementor-widget__width-initial elementor-widget elementor-widget-button\" data-id=\"e8c666f\" data-element_type=\"widget\" data-e-type=\"widget\" data-widget_type=\"button.default\">\n\t\t\t\t\t\t\t\t\t\t<a class=\"elementor-button elementor-button-link elementor-size-sm\" href=\"https:\/\/holtersupplies.com\/wp-content\/uploads\/2026\/02\/Formulaire-SAV-Holter-Supplies.pdf\" target=\"_blank\">\n\t\t\t\t\t\t<span class=\"elementor-button-content-wrapper\">\n\t\t\t\t\t\t\t\t\t<span class=\"elementor-button-text\">Formulario de servicio posventa<\/span>\n\t\t\t\t\t<\/span>\n\t\t\t\t\t<\/a>\n\t\t\t\t\t\t\t\t<\/div>\n\t\t\t\t<\/div>\n\t\t\t\t<\/div>\n\t\t<div class=\"elementor-element elementor-element-181e4c7 e-con-full e-flex e-con e-child\" data-id=\"181e4c7\" data-element_type=\"container\" data-e-type=\"container\" data-settings=\"{&quot;background_background&quot;:&quot;classic&quot;}\">\n\t\t\t\t<div class=\"elementor-element elementor-element-5f6ebc1 elementor-widget__width-initial elementor-widget elementor-widget-heading\" data-id=\"5f6ebc1\" data-element_type=\"widget\" data-e-type=\"widget\" data-widget_type=\"heading.default\">\n\t\t\t\t\t<h2 class=\"elementor-heading-title elementor-size-default\">Nuestro equipo le responde por correo electr\u00f3nico:<\/h2>\t\t\t\t<\/div>\n\t\t\t\t<div class=\"elementor-element elementor-element-87e2455 elementor-widget elementor-widget-html\" data-id=\"87e2455\" data-element_type=\"widget\" data-e-type=\"widget\" data-widget_type=\"html.default\">\n\t\t\t\t\t\n<div class=\"wpcf7 no-js\" id=\"wpcf7-f1823-o1\" lang=\"es-ES\" dir=\"ltr\" data-wpcf7-id=\"1823\">\n<div class=\"screen-reader-response\"><p role=\"status\" aria-live=\"polite\" aria-atomic=\"true\"><\/p> <ul><\/ul><\/div>\n<form action=\"\/es\/wp-json\/wp\/v2\/pages\/1820#wpcf7-f1823-o1\" method=\"post\" class=\"wpcf7-form init\" aria-label=\"Formulario de contacto\" novalidate=\"novalidate\" data-status=\"init\">\n<fieldset class=\"hidden-fields-container\"><input type=\"hidden\" name=\"_wpcf7\" value=\"1823\" \/><input type=\"hidden\" name=\"_wpcf7_version\" value=\"6.1.5\" \/><input type=\"hidden\" name=\"_wpcf7_locale\" value=\"es_ES\" \/><input type=\"hidden\" name=\"_wpcf7_unit_tag\" value=\"wpcf7-f1823-o1\" \/><input type=\"hidden\" name=\"_wpcf7_container_post\" value=\"0\" \/><input type=\"hidden\" name=\"_wpcf7_posted_data_hash\" value=\"\" \/><input type=\"hidden\" name=\"_wpcf7_recaptcha_response\" value=\"\" \/>\n<\/fieldset>\n<p><label> Nombre completo<br \/>\n<span class=\"wpcf7-form-control-wrap\" data-name=\"your-name\"><input size=\"40\" maxlength=\"400\" class=\"wpcf7-form-control wpcf7-text wpcf7-validates-as-required\" autocomplete=\"name\" aria-required=\"true\" aria-invalid=\"false\" value=\"\" type=\"text\" name=\"your-name\" \/><\/span> <\/label>\n<\/p>\n<p><label> Direcci\u00f3n de correo electr\u00f3nico<br \/>\n<span class=\"wpcf7-form-control-wrap\" data-name=\"your-email\"><input size=\"40\" maxlength=\"400\" class=\"wpcf7-form-control wpcf7-email wpcf7-validates-as-required wpcf7-text wpcf7-validates-as-email\" autocomplete=\"email\" aria-required=\"true\" aria-invalid=\"false\" value=\"\" type=\"email\" name=\"your-email\" \/><\/span> <\/label>\n<\/p>\n<p><label> Objeto<br \/>\n<span class=\"wpcf7-form-control-wrap\" data-name=\"your-subject\"><input size=\"40\" maxlength=\"400\" class=\"wpcf7-form-control wpcf7-text wpcf7-validates-as-required\" aria-required=\"true\" aria-invalid=\"false\" value=\"\" type=\"text\" name=\"your-subject\" \/><\/span> <\/label>\n<\/p>\n<p><label> Mensaje (opcional)<br \/>\n<span class=\"wpcf7-form-control-wrap\" data-name=\"your-message\"><textarea cols=\"40\" rows=\"10\" maxlength=\"2000\" class=\"wpcf7-form-control wpcf7-textarea\" aria-invalid=\"false\" name=\"your-message\"><\/textarea><\/span> <\/label>\n<\/p>\n<p><input class=\"wpcf7-form-control wpcf7-submit has-spinner\" type=\"submit\" value=\"Enviar\" \/>\n<\/p><div class=\"wpcf7-response-output\" aria-hidden=\"true\"><\/div>\n<\/form>\n<\/div>\n\t\t\t\t<\/div>\n\t\t<div class=\"elementor-element elementor-element-95083f1 e-con-full e-flex e-con e-child\" data-id=\"95083f1\" data-element_type=\"container\" data-e-type=\"container\">\n\t\t\t\t<div class=\"elementor-element elementor-element-4d55c44 elementor-widget__width-initial elementor-widget elementor-widget-heading\" data-id=\"4d55c44\" data-element_type=\"widget\" data-e-type=\"widget\" data-widget_type=\"heading.default\">\n\t\t\t\t\t<h2 class=\"elementor-heading-title elementor-size-default\">O por tel\u00e9fono:<\/h2>\t\t\t\t<\/div>\n\t\t\t\t<div class=\"elementor-element elementor-element-1795230 elementor-align-justify elementor-widget__width-initial elementor-widget elementor-widget-button\" data-id=\"1795230\" data-element_type=\"widget\" data-e-type=\"widget\" data-widget_type=\"button.default\">\n\t\t\t\t\t\t\t\t\t\t<a class=\"elementor-button elementor-size-sm\" role=\"button\">\n\t\t\t\t\t\t<span class=\"elementor-button-content-wrapper\">\n\t\t\t\t\t\t\t\t\t<span class=\"elementor-button-text\">01 47 51 40 04<\/span>\n\t\t\t\t\t<\/span>\n\t\t\t\t\t<\/a>\n\t\t\t\t\t\t\t\t<\/div>\n\t\t\t\t<\/div>\n\t\t\t\t<\/div>\n\t\t\t\t\t<\/div>\n\t\t\t\t<\/div>\n\t\t<div class=\"elementor-element elementor-element-bc09c4a e-flex e-con-boxed e-con e-parent\" data-id=\"bc09c4a\" data-element_type=\"container\" data-e-type=\"container\">\n\t\t\t\t\t<div class=\"e-con-inner\">\n\t\t<div class=\"elementor-element elementor-element-1934342 e-con-full e-flex e-con e-child\" data-id=\"1934342\" data-element_type=\"container\" data-e-type=\"container\" data-settings=\"{&quot;background_background&quot;:&quot;classic&quot;}\">\n\t\t<div class=\"elementor-element elementor-element-a706e76 e-con-full e-flex e-con e-child\" data-id=\"a706e76\" data-element_type=\"container\" data-e-type=\"container\">\n\t\t\t\t<div class=\"elementor-element elementor-element-a922465 elementor-widget elementor-widget-heading\" data-id=\"a922465\" data-element_type=\"widget\" data-e-type=\"widget\" data-widget_type=\"heading.default\">\n\t\t\t\t\t<h2 class=\"elementor-heading-title elementor-size-default\">Direcci\u00f3n: 78 Av. Raymond Poincar\u00e9, 75116 Par\u00eds \n<\/h2>\t\t\t\t<\/div>\n\t\t\t\t<\/div>\n\t\t\t\t<\/div>\n\t\t\t\t\t<\/div>\n\t\t\t\t<\/div>\n\t\t\t\t<\/div>\n\t\t","protected":false},"excerpt":{"rendered":"<p>Contacto \u00bfTiene alguna pregunta? Formulario de servicio posventa Nuestro equipo le responde por correo electr\u00f3nico: O por tel\u00e9fono: 01 47 51 40 04 Direcci\u00f3n: 78 Av. Raymond Poincar\u00e9, 75116 Par\u00eds<\/p>\n","protected":false},"author":1,"featured_media":0,"parent":0,"menu_order":0,"comment_status":"closed","ping_status":"closed","template":"","meta":{"footnotes":""},"class_list":["post-1820","page","type-page","status-publish","hentry"],"yoast_head":"<!-- This site is optimized with the Yoast SEO plugin v27.4 - https:\/\/yoast.com\/product\/yoast-seo-wordpress\/ -->\n<title>Contacto proveedor Contacto Holter Supplies SAS | Proveedor de holter ECGur holter<\/title>\n<meta name=\"description\" content=\"P\u00f3ngase en contacto con Holter Supplies SAS para sus solicitudes de holters ECG, an\u00e1lisis ECG, MAPA y consumibles en Europa y a nivel internacional.\" \/>\n<meta name=\"robots\" content=\"index, follow, max-snippet:-1, max-image-preview:large, max-video-preview:-1\" \/>\n<link rel=\"canonical\" href=\"https:\/\/holtersupplies.com\/es\/contacto\/\" \/>\n<meta property=\"og:locale\" content=\"es_ES\" \/>\n<meta property=\"og:type\" content=\"article\" \/>\n<meta property=\"og:title\" content=\"Contacto proveedor Contacto Holter Supplies SAS | Proveedor de holter ECGur holter\" \/>\n<meta property=\"og:description\" content=\"P\u00f3ngase en contacto con Holter Supplies SAS para sus solicitudes de holters ECG, an\u00e1lisis ECG, MAPA y consumibles en Europa y a nivel internacional.\" \/>\n<meta property=\"og:url\" content=\"https:\/\/holtersupplies.com\/es\/contacto\/\" \/>\n<meta property=\"og:site_name\" content=\"Holter Supplies SAS\" \/>\n<meta property=\"article:modified_time\" content=\"2026-03-24T14:55:46+00:00\" \/>\n<meta name=\"twitter:card\" content=\"summary_large_image\" \/>\n<script type=\"application\/ld+json\" class=\"yoast-schema-graph\">{\"@context\":\"https:\\\/\\\/schema.org\",\"@graph\":[{\"@type\":\"WebPage\",\"@id\":\"https:\\\/\\\/holtersupplies.com\\\/es\\\/contacto\\\/\",\"url\":\"https:\\\/\\\/holtersupplies.com\\\/es\\\/contacto\\\/\",\"name\":\"Contacto proveedor Contacto Holter Supplies SAS | Proveedor de holter ECGur holter\",\"isPartOf\":{\"@id\":\"https:\\\/\\\/holtersupplies.com\\\/#website\"},\"datePublished\":\"2025-12-04T13:50:30+00:00\",\"dateModified\":\"2026-03-24T14:55:46+00:00\",\"description\":\"P\u00f3ngase en contacto con Holter Supplies SAS para sus solicitudes de holters ECG, an\u00e1lisis ECG, MAPA y consumibles en Europa y a nivel internacional.\",\"breadcrumb\":{\"@id\":\"https:\\\/\\\/holtersupplies.com\\\/es\\\/contacto\\\/#breadcrumb\"},\"inLanguage\":\"es\",\"potentialAction\":[{\"@type\":\"ReadAction\",\"target\":[\"https:\\\/\\\/holtersupplies.com\\\/es\\\/contacto\\\/\"]}]},{\"@type\":\"BreadcrumbList\",\"@id\":\"https:\\\/\\\/holtersupplies.com\\\/es\\\/contacto\\\/#breadcrumb\",\"itemListElement\":[{\"@type\":\"ListItem\",\"position\":1,\"name\":\"Accueil\",\"item\":\"https:\\\/\\\/holtersupplies.com\\\/es\\\/inicio\\\/\"},{\"@type\":\"ListItem\",\"position\":2,\"name\":\"Contacto\"}]},{\"@type\":\"WebSite\",\"@id\":\"https:\\\/\\\/holtersupplies.com\\\/#website\",\"url\":\"https:\\\/\\\/holtersupplies.com\\\/\",\"name\":\"Holter Supplies SAS\",\"description\":\"\",\"publisher\":{\"@id\":\"https:\\\/\\\/holtersupplies.com\\\/#organization\"},\"potentialAction\":[{\"@type\":\"SearchAction\",\"target\":{\"@type\":\"EntryPoint\",\"urlTemplate\":\"https:\\\/\\\/holtersupplies.com\\\/?s={search_term_string}\"},\"query-input\":{\"@type\":\"PropertyValueSpecification\",\"valueRequired\":true,\"valueName\":\"search_term_string\"}}],\"inLanguage\":\"es\"},{\"@type\":\"Organization\",\"@id\":\"https:\\\/\\\/holtersupplies.com\\\/#organization\",\"name\":\"Holter Supplies SAS\",\"url\":\"https:\\\/\\\/holtersupplies.com\\\/\",\"logo\":{\"@type\":\"ImageObject\",\"inLanguage\":\"es\",\"@id\":\"https:\\\/\\\/holtersupplies.com\\\/#\\\/schema\\\/logo\\\/image\\\/\",\"url\":\"https:\\\/\\\/holtersupplies.com\\\/wp-content\\\/uploads\\\/2025\\\/12\\\/cropped-logo-holter-supplies@2x.webp\",\"contentUrl\":\"https:\\\/\\\/holtersupplies.com\\\/wp-content\\\/uploads\\\/2025\\\/12\\\/cropped-logo-holter-supplies@2x.webp\",\"width\":512,\"height\":512,\"caption\":\"Holter Supplies SAS\"},\"image\":{\"@id\":\"https:\\\/\\\/holtersupplies.com\\\/#\\\/schema\\\/logo\\\/image\\\/\"},\"sameAs\":[\"https:\\\/\\\/www.linkedin.com\\\/company\\\/holter-supplies-sas\\\/\",\"https:\\\/\\\/www.youtube.com\\\/@holtersupplies3740\"]}]}<\/script>\n<!-- \/ Yoast SEO plugin. -->","yoast_head_json":{"title":"Contacto proveedor Contacto Holter Supplies SAS | Proveedor de holter ECGur holter","description":"P\u00f3ngase en contacto con Holter Supplies SAS para sus solicitudes de holters ECG, an\u00e1lisis ECG, MAPA y consumibles en Europa y a nivel internacional.","robots":{"index":"index","follow":"follow","max-snippet":"max-snippet:-1","max-image-preview":"max-image-preview:large","max-video-preview":"max-video-preview:-1"},"canonical":"https:\/\/holtersupplies.com\/es\/contacto\/","og_locale":"es_ES","og_type":"article","og_title":"Contacto proveedor Contacto Holter Supplies SAS | Proveedor de holter ECGur holter","og_description":"P\u00f3ngase en contacto con Holter Supplies SAS para sus solicitudes de holters ECG, an\u00e1lisis ECG, MAPA y consumibles en Europa y a nivel internacional.","og_url":"https:\/\/holtersupplies.com\/es\/contacto\/","og_site_name":"Holter Supplies SAS","article_modified_time":"2026-03-24T14:55:46+00:00","twitter_card":"summary_large_image","schema":{"@context":"https:\/\/schema.org","@graph":[{"@type":"WebPage","@id":"https:\/\/holtersupplies.com\/es\/contacto\/","url":"https:\/\/holtersupplies.com\/es\/contacto\/","name":"Contacto proveedor Contacto Holter Supplies SAS | Proveedor de holter ECGur holter","isPartOf":{"@id":"https:\/\/holtersupplies.com\/#website"},"datePublished":"2025-12-04T13:50:30+00:00","dateModified":"2026-03-24T14:55:46+00:00","description":"P\u00f3ngase en contacto con Holter Supplies SAS para sus solicitudes de holters ECG, an\u00e1lisis ECG, MAPA y consumibles en Europa y a nivel internacional.","breadcrumb":{"@id":"https:\/\/holtersupplies.com\/es\/contacto\/#breadcrumb"},"inLanguage":"es","potentialAction":[{"@type":"ReadAction","target":["https:\/\/holtersupplies.com\/es\/contacto\/"]}]},{"@type":"BreadcrumbList","@id":"https:\/\/holtersupplies.com\/es\/contacto\/#breadcrumb","itemListElement":[{"@type":"ListItem","position":1,"name":"Accueil","item":"https:\/\/holtersupplies.com\/es\/inicio\/"},{"@type":"ListItem","position":2,"name":"Contacto"}]},{"@type":"WebSite","@id":"https:\/\/holtersupplies.com\/#website","url":"https:\/\/holtersupplies.com\/","name":"Holter Supplies SAS","description":"","publisher":{"@id":"https:\/\/holtersupplies.com\/#organization"},"potentialAction":[{"@type":"SearchAction","target":{"@type":"EntryPoint","urlTemplate":"https:\/\/holtersupplies.com\/?s={search_term_string}"},"query-input":{"@type":"PropertyValueSpecification","valueRequired":true,"valueName":"search_term_string"}}],"inLanguage":"es"},{"@type":"Organization","@id":"https:\/\/holtersupplies.com\/#organization","name":"Holter Supplies SAS","url":"https:\/\/holtersupplies.com\/","logo":{"@type":"ImageObject","inLanguage":"es","@id":"https:\/\/holtersupplies.com\/#\/schema\/logo\/image\/","url":"https:\/\/holtersupplies.com\/wp-content\/uploads\/2025\/12\/cropped-logo-holter-supplies@2x.webp","contentUrl":"https:\/\/holtersupplies.com\/wp-content\/uploads\/2025\/12\/cropped-logo-holter-supplies@2x.webp","width":512,"height":512,"caption":"Holter Supplies SAS"},"image":{"@id":"https:\/\/holtersupplies.com\/#\/schema\/logo\/image\/"},"sameAs":["https:\/\/www.linkedin.com\/company\/holter-supplies-sas\/","https:\/\/www.youtube.com\/@holtersupplies3740"]}]}},"_links":{"self":[{"href":"https:\/\/holtersupplies.com\/es\/wp-json\/wp\/v2\/pages\/1820","targetHints":{"allow":["GET"]}}],"collection":[{"href":"https:\/\/holtersupplies.com\/es\/wp-json\/wp\/v2\/pages"}],"about":[{"href":"https:\/\/holtersupplies.com\/es\/wp-json\/wp\/v2\/types\/page"}],"author":[{"embeddable":true,"href":"https:\/\/holtersupplies.com\/es\/wp-json\/wp\/v2\/users\/1"}],"replies":[{"embeddable":true,"href":"https:\/\/holtersupplies.com\/es\/wp-json\/wp\/v2\/comments?post=1820"}],"version-history":[{"count":0,"href":"https:\/\/holtersupplies.com\/es\/wp-json\/wp\/v2\/pages\/1820\/revisions"}],"wp:attachment":[{"href":"https:\/\/holtersupplies.com\/es\/wp-json\/wp\/v2\/media?parent=1820"}],"curies":[{"name":"wp","href":"https:\/\/api.w.org\/{rel}","templated":true}]}}