{"id":1717,"date":"2025-12-30T12:15:45","date_gmt":"2025-12-30T11:15:45","guid":{"rendered":"https:\/\/projetweb.site\/holtersuppliessas\/produit\/kit-mapa\/"},"modified":"2026-01-12T16:02:24","modified_gmt":"2026-01-12T15:02:24","slug":"kit-mapa","status":"publish","type":"product","link":"https:\/\/holtersupplies.com\/es\/produit\/kit-mapa\/","title":{"rendered":"KIT MAPA"},"content":{"rendered":"<p>El kit MAPA Holter tensional es una soluci\u00f3n completa dedicada a la medici\u00f3n ambulatoria de la presi\u00f3n arterial durante 24 horas. Combina un monitor compacto sin tubos, un brazalete mediano y todos los accesorios necesarios para una puesta en marcha inmediata. Dise\u00f1ado para garantizar la fiabilidad de las mediciones y la comodidad del paciente, permite una vigilancia precisa del perfil tensional diurno y nocturno, con un an\u00e1lisis optimizado a trav\u00e9s de un software espec\u00edfico.<\/p>\n","protected":false},"excerpt":{"rendered":"<p>El kit MAPA Holter tensional es una soluci\u00f3n completa dedicada a la medici\u00f3n ambulatoria de la presi\u00f3n arterial durante 24 horas. Combina un monitor compacto sin tubos, un brazalete mediano y todos los accesorios necesarios para una puesta en marcha inmediata. Dise\u00f1ado para garantizar la fiabilidad de las mediciones y la comodidad del paciente, permite [&hellip;]<\/p>\n","protected":false},"featured_media":2062,"comment_status":"open","ping_status":"closed","template":"","meta":[],"product_brand":[],"product_cat":[69],"product_tag":[70],"class_list":{"0":"post-1717","1":"product","2":"type-product","3":"status-publish","4":"has-post-thumbnail","6":"product_cat-mapa","7":"product_tag-70","9":"first","10":"instock","11":"taxable","12":"shipping-taxable","13":"purchasable","14":"product-type-simple"},"yoast_head":"<!-- This site is optimized with the Yoast SEO plugin v27.4 - https:\/\/yoast.com\/product\/yoast-seo-wordpress\/ -->\n<title>KIT MAPA - Holter Supplies SAS<\/title>\n<meta name=\"robots\" content=\"index, follow, max-snippet:-1, max-image-preview:large, max-video-preview:-1\" \/>\n<link rel=\"canonical\" href=\"https:\/\/holtersupplies.com\/es\/produit\/kit-mapa\/\" \/>\n<meta property=\"og:locale\" content=\"es_ES\" \/>\n<meta property=\"og:type\" content=\"article\" \/>\n<meta property=\"og:title\" content=\"KIT MAPA - Holter Supplies SAS\" \/>\n<meta property=\"og:description\" content=\"El kit MAPA Holter tensional es una soluci\u00f3n completa dedicada a la medici\u00f3n ambulatoria de la presi\u00f3n arterial durante 24 horas. Combina un monitor compacto sin tubos, un brazalete mediano y todos los accesorios necesarios para una puesta en marcha inmediata. Dise\u00f1ado para garantizar la fiabilidad de las mediciones y la comodidad del paciente, permite [&hellip;]\" \/>\n<meta property=\"og:url\" content=\"https:\/\/holtersupplies.com\/es\/produit\/kit-mapa\/\" \/>\n<meta property=\"og:site_name\" content=\"Holter Supplies SAS\" \/>\n<meta property=\"article:modified_time\" content=\"2026-01-12T15:02:24+00:00\" \/>\n<meta property=\"og:image\" content=\"https:\/\/holtersupplies.com\/wp-content\/uploads\/2025\/12\/Gemini_Generated_Image_u20lniu20lniu20l.png\" \/>\n\t<meta property=\"og:image:width\" content=\"1024\" \/>\n\t<meta property=\"og:image:height\" content=\"1024\" \/>\n\t<meta property=\"og:image:type\" content=\"image\/png\" \/>\n<meta name=\"twitter:card\" content=\"summary_large_image\" \/>\n<script type=\"application\/ld+json\" class=\"yoast-schema-graph\">{\"@context\":\"https:\\\/\\\/schema.org\",\"@graph\":[{\"@type\":\"WebPage\",\"@id\":\"https:\\\/\\\/holtersupplies.com\\\/es\\\/produit\\\/kit-mapa\\\/\",\"url\":\"https:\\\/\\\/holtersupplies.com\\\/es\\\/produit\\\/kit-mapa\\\/\",\"name\":\"KIT MAPA - Holter Supplies SAS\",\"isPartOf\":{\"@id\":\"https:\\\/\\\/holtersupplies.com\\\/#website\"},\"primaryImageOfPage\":{\"@id\":\"https:\\\/\\\/holtersupplies.com\\\/es\\\/produit\\\/kit-mapa\\\/#primaryimage\"},\"image\":{\"@id\":\"https:\\\/\\\/holtersupplies.com\\\/es\\\/produit\\\/kit-mapa\\\/#primaryimage\"},\"thumbnailUrl\":\"https:\\\/\\\/holtersupplies.com\\\/wp-content\\\/uploads\\\/2025\\\/12\\\/Gemini_Generated_Image_u20lniu20lniu20l.png\",\"datePublished\":\"2025-12-30T11:15:45+00:00\",\"dateModified\":\"2026-01-12T15:02:24+00:00\",\"breadcrumb\":{\"@id\":\"https:\\\/\\\/holtersupplies.com\\\/es\\\/produit\\\/kit-mapa\\\/#breadcrumb\"},\"inLanguage\":\"es\",\"potentialAction\":[{\"@type\":\"ReadAction\",\"target\":[\"https:\\\/\\\/holtersupplies.com\\\/es\\\/produit\\\/kit-mapa\\\/\"]}]},{\"@type\":\"ImageObject\",\"inLanguage\":\"es\",\"@id\":\"https:\\\/\\\/holtersupplies.com\\\/es\\\/produit\\\/kit-mapa\\\/#primaryimage\",\"url\":\"https:\\\/\\\/holtersupplies.com\\\/wp-content\\\/uploads\\\/2025\\\/12\\\/Gemini_Generated_Image_u20lniu20lniu20l.png\",\"contentUrl\":\"https:\\\/\\\/holtersupplies.com\\\/wp-content\\\/uploads\\\/2025\\\/12\\\/Gemini_Generated_Image_u20lniu20lniu20l.png\",\"width\":1024,\"height\":1024},{\"@type\":\"BreadcrumbList\",\"@id\":\"https:\\\/\\\/holtersupplies.com\\\/es\\\/produit\\\/kit-mapa\\\/#breadcrumb\",\"itemListElement\":[{\"@type\":\"ListItem\",\"position\":1,\"name\":\"Accueil\",\"item\":\"https:\\\/\\\/holtersupplies.com\\\/es\\\/inicio\\\/\"},{\"@type\":\"ListItem\",\"position\":2,\"name\":\"Tienda\",\"item\":\"https:\\\/\\\/holtersupplies.com\\\/es\\\/tienda\\\/\"},{\"@type\":\"ListItem\",\"position\":3,\"name\":\"KIT MAPA\"}]},{\"@type\":\"WebSite\",\"@id\":\"https:\\\/\\\/holtersupplies.com\\\/#website\",\"url\":\"https:\\\/\\\/holtersupplies.com\\\/\",\"name\":\"Holter Supplies SAS\",\"description\":\"\",\"publisher\":{\"@id\":\"https:\\\/\\\/holtersupplies.com\\\/#organization\"},\"potentialAction\":[{\"@type\":\"SearchAction\",\"target\":{\"@type\":\"EntryPoint\",\"urlTemplate\":\"https:\\\/\\\/holtersupplies.com\\\/?s={search_term_string}\"},\"query-input\":{\"@type\":\"PropertyValueSpecification\",\"valueRequired\":true,\"valueName\":\"search_term_string\"}}],\"inLanguage\":\"es\"},{\"@type\":\"Organization\",\"@id\":\"https:\\\/\\\/holtersupplies.com\\\/#organization\",\"name\":\"Holter Supplies SAS\",\"url\":\"https:\\\/\\\/holtersupplies.com\\\/\",\"logo\":{\"@type\":\"ImageObject\",\"inLanguage\":\"es\",\"@id\":\"https:\\\/\\\/holtersupplies.com\\\/#\\\/schema\\\/logo\\\/image\\\/\",\"url\":\"https:\\\/\\\/holtersupplies.com\\\/wp-content\\\/uploads\\\/2025\\\/12\\\/cropped-logo-holter-supplies@2x.webp\",\"contentUrl\":\"https:\\\/\\\/holtersupplies.com\\\/wp-content\\\/uploads\\\/2025\\\/12\\\/cropped-logo-holter-supplies@2x.webp\",\"width\":512,\"height\":512,\"caption\":\"Holter Supplies SAS\"},\"image\":{\"@id\":\"https:\\\/\\\/holtersupplies.com\\\/#\\\/schema\\\/logo\\\/image\\\/\"},\"sameAs\":[\"https:\\\/\\\/www.linkedin.com\\\/company\\\/holter-supplies-sas\\\/\",\"https:\\\/\\\/www.youtube.com\\\/@holtersupplies3740\"]}]}<\/script>\n<!-- \/ Yoast SEO plugin. -->","yoast_head_json":{"title":"KIT MAPA - Holter Supplies SAS","robots":{"index":"index","follow":"follow","max-snippet":"max-snippet:-1","max-image-preview":"max-image-preview:large","max-video-preview":"max-video-preview:-1"},"canonical":"https:\/\/holtersupplies.com\/es\/produit\/kit-mapa\/","og_locale":"es_ES","og_type":"article","og_title":"KIT MAPA - Holter Supplies SAS","og_description":"El kit MAPA Holter tensional es una soluci\u00f3n completa dedicada a la medici\u00f3n ambulatoria de la presi\u00f3n arterial durante 24 horas. Combina un monitor compacto sin tubos, un brazalete mediano y todos los accesorios necesarios para una puesta en marcha inmediata. Dise\u00f1ado para garantizar la fiabilidad de las mediciones y la comodidad del paciente, permite [&hellip;]","og_url":"https:\/\/holtersupplies.com\/es\/produit\/kit-mapa\/","og_site_name":"Holter Supplies SAS","article_modified_time":"2026-01-12T15:02:24+00:00","og_image":[{"width":1024,"height":1024,"url":"https:\/\/holtersupplies.com\/wp-content\/uploads\/2025\/12\/Gemini_Generated_Image_u20lniu20lniu20l.png","type":"image\/png"}],"twitter_card":"summary_large_image","schema":{"@context":"https:\/\/schema.org","@graph":[{"@type":"WebPage","@id":"https:\/\/holtersupplies.com\/es\/produit\/kit-mapa\/","url":"https:\/\/holtersupplies.com\/es\/produit\/kit-mapa\/","name":"KIT MAPA - Holter Supplies SAS","isPartOf":{"@id":"https:\/\/holtersupplies.com\/#website"},"primaryImageOfPage":{"@id":"https:\/\/holtersupplies.com\/es\/produit\/kit-mapa\/#primaryimage"},"image":{"@id":"https:\/\/holtersupplies.com\/es\/produit\/kit-mapa\/#primaryimage"},"thumbnailUrl":"https:\/\/holtersupplies.com\/wp-content\/uploads\/2025\/12\/Gemini_Generated_Image_u20lniu20lniu20l.png","datePublished":"2025-12-30T11:15:45+00:00","dateModified":"2026-01-12T15:02:24+00:00","breadcrumb":{"@id":"https:\/\/holtersupplies.com\/es\/produit\/kit-mapa\/#breadcrumb"},"inLanguage":"es","potentialAction":[{"@type":"ReadAction","target":["https:\/\/holtersupplies.com\/es\/produit\/kit-mapa\/"]}]},{"@type":"ImageObject","inLanguage":"es","@id":"https:\/\/holtersupplies.com\/es\/produit\/kit-mapa\/#primaryimage","url":"https:\/\/holtersupplies.com\/wp-content\/uploads\/2025\/12\/Gemini_Generated_Image_u20lniu20lniu20l.png","contentUrl":"https:\/\/holtersupplies.com\/wp-content\/uploads\/2025\/12\/Gemini_Generated_Image_u20lniu20lniu20l.png","width":1024,"height":1024},{"@type":"BreadcrumbList","@id":"https:\/\/holtersupplies.com\/es\/produit\/kit-mapa\/#breadcrumb","itemListElement":[{"@type":"ListItem","position":1,"name":"Accueil","item":"https:\/\/holtersupplies.com\/es\/inicio\/"},{"@type":"ListItem","position":2,"name":"Tienda","item":"https:\/\/holtersupplies.com\/es\/tienda\/"},{"@type":"ListItem","position":3,"name":"KIT MAPA"}]},{"@type":"WebSite","@id":"https:\/\/holtersupplies.com\/#website","url":"https:\/\/holtersupplies.com\/","name":"Holter Supplies SAS","description":"","publisher":{"@id":"https:\/\/holtersupplies.com\/#organization"},"potentialAction":[{"@type":"SearchAction","target":{"@type":"EntryPoint","urlTemplate":"https:\/\/holtersupplies.com\/?s={search_term_string}"},"query-input":{"@type":"PropertyValueSpecification","valueRequired":true,"valueName":"search_term_string"}}],"inLanguage":"es"},{"@type":"Organization","@id":"https:\/\/holtersupplies.com\/#organization","name":"Holter Supplies SAS","url":"https:\/\/holtersupplies.com\/","logo":{"@type":"ImageObject","inLanguage":"es","@id":"https:\/\/holtersupplies.com\/#\/schema\/logo\/image\/","url":"https:\/\/holtersupplies.com\/wp-content\/uploads\/2025\/12\/cropped-logo-holter-supplies@2x.webp","contentUrl":"https:\/\/holtersupplies.com\/wp-content\/uploads\/2025\/12\/cropped-logo-holter-supplies@2x.webp","width":512,"height":512,"caption":"Holter Supplies SAS"},"image":{"@id":"https:\/\/holtersupplies.com\/#\/schema\/logo\/image\/"},"sameAs":["https:\/\/www.linkedin.com\/company\/holter-supplies-sas\/","https:\/\/www.youtube.com\/@holtersupplies3740"]}]}},"_links":{"self":[{"href":"https:\/\/holtersupplies.com\/es\/wp-json\/wp\/v2\/product\/1717","targetHints":{"allow":["GET"]}}],"collection":[{"href":"https:\/\/holtersupplies.com\/es\/wp-json\/wp\/v2\/product"}],"about":[{"href":"https:\/\/holtersupplies.com\/es\/wp-json\/wp\/v2\/types\/product"}],"replies":[{"embeddable":true,"href":"https:\/\/holtersupplies.com\/es\/wp-json\/wp\/v2\/comments?post=1717"}],"wp:featuredmedia":[{"embeddable":true,"href":"https:\/\/holtersupplies.com\/es\/wp-json\/wp\/v2\/media\/2062"}],"wp:attachment":[{"href":"https:\/\/holtersupplies.com\/es\/wp-json\/wp\/v2\/media?parent=1717"}],"wp:term":[{"taxonomy":"product_brand","embeddable":true,"href":"https:\/\/holtersupplies.com\/es\/wp-json\/wp\/v2\/product_brand?post=1717"},{"taxonomy":"product_cat","embeddable":true,"href":"https:\/\/holtersupplies.com\/es\/wp-json\/wp\/v2\/product_cat?post=1717"},{"taxonomy":"product_tag","embeddable":true,"href":"https:\/\/holtersupplies.com\/es\/wp-json\/wp\/v2\/product_tag?post=1717"}],"curies":[{"name":"wp","href":"https:\/\/api.w.org\/{rel}","templated":true}]}}