{"id":1862,"date":"2025-12-30T12:45:56","date_gmt":"2025-12-30T11:45:56","guid":{"rendered":"https:\/\/projetweb.site\/holtersuppliessas\/produit\/brazalete\/"},"modified":"2025-12-30T12:45:56","modified_gmt":"2025-12-30T11:45:56","slug":"brazalete","status":"publish","type":"product","link":"https:\/\/holtersupplies.com\/es\/produit\/brazalete\/","title":{"rendered":"Brazalete"},"content":{"rendered":"<p><strong>Brazalete para dispositivo MAPA<\/strong><\/p>\n<div><\/div>\n<p data-start=\"325\" data-end=\"766\">Los brazaletes MAPA est\u00e1n dise\u00f1ados para proporcionar una medici\u00f3n de la presi\u00f3n arterial precisa y reproducible, gracias a una adaptaci\u00f3n \u00f3ptima a la morfolog\u00eda del paciente. Disponibles en varios tama\u00f1os, permiten un ajuste r\u00e1pido y seguro, compatible con el sistema MAPA sin tubos. Su construcci\u00f3n ergon\u00f3mica asegura un inflado homog\u00e9neo, limitando las molestias y garantizando una adquisici\u00f3n fiable durante todo el protocolo ambulatorio.  <\/p>\n<div>Nuestros art\u00edculos MAPA se venden exclusivamente en los siguientes pa\u00edses:<\/div>\n<ul>\n<li>Francia<\/li>\n<li>B\u00e9lgica<\/li>\n<li>Espa\u00f1a<\/li>\n<li>Pa\u00edses Bajos<\/li>\n<li>Magreb<\/li>\n<\/ul>\n","protected":false},"excerpt":{"rendered":"<p>Brazalete para dispositivo MAPA Los brazaletes MAPA est\u00e1n dise\u00f1ados para proporcionar una medici\u00f3n de la presi\u00f3n arterial precisa y reproducible, gracias a una adaptaci\u00f3n \u00f3ptima a la morfolog\u00eda del paciente. Disponibles en varios tama\u00f1os, permiten un ajuste r\u00e1pido y seguro, compatible con el sistema MAPA sin tubos. Su construcci\u00f3n ergon\u00f3mica asegura un inflado homog\u00e9neo, limitando [&hellip;]<\/p>\n","protected":false},"featured_media":1788,"comment_status":"open","ping_status":"closed","template":"","meta":[],"product_brand":[],"product_cat":[69],"product_tag":[],"class_list":{"0":"post-1862","1":"product","2":"type-product","3":"status-publish","4":"has-post-thumbnail","6":"product_cat-mapa","8":"first","9":"instock","10":"taxable","11":"shipping-taxable","12":"purchasable","13":"product-type-variable"},"yoast_head":"<!-- This site is optimized with the Yoast SEO plugin v27.4 - https:\/\/yoast.com\/product\/yoast-seo-wordpress\/ -->\n<title>Brazalete - Holter Supplies SAS<\/title>\n<meta name=\"robots\" content=\"index, follow, max-snippet:-1, max-image-preview:large, max-video-preview:-1\" \/>\n<link rel=\"canonical\" href=\"https:\/\/holtersupplies.com\/es\/produit\/brazalete\/\" \/>\n<meta property=\"og:locale\" content=\"es_ES\" \/>\n<meta property=\"og:type\" content=\"article\" \/>\n<meta property=\"og:title\" content=\"Brazalete - Holter Supplies SAS\" \/>\n<meta property=\"og:description\" content=\"Brazalete para dispositivo MAPA Los brazaletes MAPA est\u00e1n dise\u00f1ados para proporcionar una medici\u00f3n de la presi\u00f3n arterial precisa y reproducible, gracias a una adaptaci\u00f3n \u00f3ptima a la morfolog\u00eda del paciente. Disponibles en varios tama\u00f1os, permiten un ajuste r\u00e1pido y seguro, compatible con el sistema MAPA sin tubos. Su construcci\u00f3n ergon\u00f3mica asegura un inflado homog\u00e9neo, limitando [&hellip;]\" \/>\n<meta property=\"og:url\" content=\"https:\/\/holtersupplies.com\/es\/produit\/brazalete\/\" \/>\n<meta property=\"og:site_name\" content=\"Holter Supplies SAS\" \/>\n<meta property=\"og:image\" content=\"https:\/\/holtersupplies.com\/wp-content\/uploads\/2025\/12\/brassard_pour_mapa.jpg\" \/>\n\t<meta property=\"og:image:width\" content=\"900\" \/>\n\t<meta property=\"og:image:height\" content=\"900\" \/>\n\t<meta property=\"og:image:type\" content=\"image\/jpeg\" \/>\n<meta name=\"twitter:card\" content=\"summary_large_image\" \/>\n<meta name=\"twitter:label1\" content=\"Tiempo de lectura\" \/>\n\t<meta name=\"twitter:data1\" content=\"1 minuto\" \/>\n<script type=\"application\/ld+json\" class=\"yoast-schema-graph\">{\"@context\":\"https:\\\/\\\/schema.org\",\"@graph\":[{\"@type\":\"WebPage\",\"@id\":\"https:\\\/\\\/holtersupplies.com\\\/es\\\/produit\\\/brazalete\\\/\",\"url\":\"https:\\\/\\\/holtersupplies.com\\\/es\\\/produit\\\/brazalete\\\/\",\"name\":\"Brazalete - Holter Supplies SAS\",\"isPartOf\":{\"@id\":\"https:\\\/\\\/holtersupplies.com\\\/#website\"},\"primaryImageOfPage\":{\"@id\":\"https:\\\/\\\/holtersupplies.com\\\/es\\\/produit\\\/brazalete\\\/#primaryimage\"},\"image\":{\"@id\":\"https:\\\/\\\/holtersupplies.com\\\/es\\\/produit\\\/brazalete\\\/#primaryimage\"},\"thumbnailUrl\":\"https:\\\/\\\/holtersupplies.com\\\/wp-content\\\/uploads\\\/2025\\\/12\\\/brassard_pour_mapa.jpg\",\"datePublished\":\"2025-12-30T11:45:56+00:00\",\"breadcrumb\":{\"@id\":\"https:\\\/\\\/holtersupplies.com\\\/es\\\/produit\\\/brazalete\\\/#breadcrumb\"},\"inLanguage\":\"es\",\"potentialAction\":[{\"@type\":\"ReadAction\",\"target\":[\"https:\\\/\\\/holtersupplies.com\\\/es\\\/produit\\\/brazalete\\\/\"]}]},{\"@type\":\"ImageObject\",\"inLanguage\":\"es\",\"@id\":\"https:\\\/\\\/holtersupplies.com\\\/es\\\/produit\\\/brazalete\\\/#primaryimage\",\"url\":\"https:\\\/\\\/holtersupplies.com\\\/wp-content\\\/uploads\\\/2025\\\/12\\\/brassard_pour_mapa.jpg\",\"contentUrl\":\"https:\\\/\\\/holtersupplies.com\\\/wp-content\\\/uploads\\\/2025\\\/12\\\/brassard_pour_mapa.jpg\",\"width\":900,\"height\":900},{\"@type\":\"BreadcrumbList\",\"@id\":\"https:\\\/\\\/holtersupplies.com\\\/es\\\/produit\\\/brazalete\\\/#breadcrumb\",\"itemListElement\":[{\"@type\":\"ListItem\",\"position\":1,\"name\":\"Accueil\",\"item\":\"https:\\\/\\\/holtersupplies.com\\\/es\\\/inicio\\\/\"},{\"@type\":\"ListItem\",\"position\":2,\"name\":\"Tienda\",\"item\":\"https:\\\/\\\/holtersupplies.com\\\/es\\\/tienda\\\/\"},{\"@type\":\"ListItem\",\"position\":3,\"name\":\"Brazalete\"}]},{\"@type\":\"WebSite\",\"@id\":\"https:\\\/\\\/holtersupplies.com\\\/#website\",\"url\":\"https:\\\/\\\/holtersupplies.com\\\/\",\"name\":\"Holter Supplies SAS\",\"description\":\"\",\"publisher\":{\"@id\":\"https:\\\/\\\/holtersupplies.com\\\/#organization\"},\"potentialAction\":[{\"@type\":\"SearchAction\",\"target\":{\"@type\":\"EntryPoint\",\"urlTemplate\":\"https:\\\/\\\/holtersupplies.com\\\/?s={search_term_string}\"},\"query-input\":{\"@type\":\"PropertyValueSpecification\",\"valueRequired\":true,\"valueName\":\"search_term_string\"}}],\"inLanguage\":\"es\"},{\"@type\":\"Organization\",\"@id\":\"https:\\\/\\\/holtersupplies.com\\\/#organization\",\"name\":\"Holter Supplies SAS\",\"url\":\"https:\\\/\\\/holtersupplies.com\\\/\",\"logo\":{\"@type\":\"ImageObject\",\"inLanguage\":\"es\",\"@id\":\"https:\\\/\\\/holtersupplies.com\\\/#\\\/schema\\\/logo\\\/image\\\/\",\"url\":\"https:\\\/\\\/holtersupplies.com\\\/wp-content\\\/uploads\\\/2025\\\/12\\\/cropped-logo-holter-supplies@2x.webp\",\"contentUrl\":\"https:\\\/\\\/holtersupplies.com\\\/wp-content\\\/uploads\\\/2025\\\/12\\\/cropped-logo-holter-supplies@2x.webp\",\"width\":512,\"height\":512,\"caption\":\"Holter Supplies SAS\"},\"image\":{\"@id\":\"https:\\\/\\\/holtersupplies.com\\\/#\\\/schema\\\/logo\\\/image\\\/\"},\"sameAs\":[\"https:\\\/\\\/www.linkedin.com\\\/company\\\/holter-supplies-sas\\\/\",\"https:\\\/\\\/www.youtube.com\\\/@holtersupplies3740\"]}]}<\/script>\n<!-- \/ Yoast SEO plugin. -->","yoast_head_json":{"title":"Brazalete - Holter Supplies SAS","robots":{"index":"index","follow":"follow","max-snippet":"max-snippet:-1","max-image-preview":"max-image-preview:large","max-video-preview":"max-video-preview:-1"},"canonical":"https:\/\/holtersupplies.com\/es\/produit\/brazalete\/","og_locale":"es_ES","og_type":"article","og_title":"Brazalete - Holter Supplies SAS","og_description":"Brazalete para dispositivo MAPA Los brazaletes MAPA est\u00e1n dise\u00f1ados para proporcionar una medici\u00f3n de la presi\u00f3n arterial precisa y reproducible, gracias a una adaptaci\u00f3n \u00f3ptima a la morfolog\u00eda del paciente. Disponibles en varios tama\u00f1os, permiten un ajuste r\u00e1pido y seguro, compatible con el sistema MAPA sin tubos. Su construcci\u00f3n ergon\u00f3mica asegura un inflado homog\u00e9neo, limitando [&hellip;]","og_url":"https:\/\/holtersupplies.com\/es\/produit\/brazalete\/","og_site_name":"Holter Supplies SAS","og_image":[{"width":900,"height":900,"url":"https:\/\/holtersupplies.com\/wp-content\/uploads\/2025\/12\/brassard_pour_mapa.jpg","type":"image\/jpeg"}],"twitter_card":"summary_large_image","twitter_misc":{"Tiempo de lectura":"1 minuto"},"schema":{"@context":"https:\/\/schema.org","@graph":[{"@type":"WebPage","@id":"https:\/\/holtersupplies.com\/es\/produit\/brazalete\/","url":"https:\/\/holtersupplies.com\/es\/produit\/brazalete\/","name":"Brazalete - Holter Supplies SAS","isPartOf":{"@id":"https:\/\/holtersupplies.com\/#website"},"primaryImageOfPage":{"@id":"https:\/\/holtersupplies.com\/es\/produit\/brazalete\/#primaryimage"},"image":{"@id":"https:\/\/holtersupplies.com\/es\/produit\/brazalete\/#primaryimage"},"thumbnailUrl":"https:\/\/holtersupplies.com\/wp-content\/uploads\/2025\/12\/brassard_pour_mapa.jpg","datePublished":"2025-12-30T11:45:56+00:00","breadcrumb":{"@id":"https:\/\/holtersupplies.com\/es\/produit\/brazalete\/#breadcrumb"},"inLanguage":"es","potentialAction":[{"@type":"ReadAction","target":["https:\/\/holtersupplies.com\/es\/produit\/brazalete\/"]}]},{"@type":"ImageObject","inLanguage":"es","@id":"https:\/\/holtersupplies.com\/es\/produit\/brazalete\/#primaryimage","url":"https:\/\/holtersupplies.com\/wp-content\/uploads\/2025\/12\/brassard_pour_mapa.jpg","contentUrl":"https:\/\/holtersupplies.com\/wp-content\/uploads\/2025\/12\/brassard_pour_mapa.jpg","width":900,"height":900},{"@type":"BreadcrumbList","@id":"https:\/\/holtersupplies.com\/es\/produit\/brazalete\/#breadcrumb","itemListElement":[{"@type":"ListItem","position":1,"name":"Accueil","item":"https:\/\/holtersupplies.com\/es\/inicio\/"},{"@type":"ListItem","position":2,"name":"Tienda","item":"https:\/\/holtersupplies.com\/es\/tienda\/"},{"@type":"ListItem","position":3,"name":"Brazalete"}]},{"@type":"WebSite","@id":"https:\/\/holtersupplies.com\/#website","url":"https:\/\/holtersupplies.com\/","name":"Holter Supplies SAS","description":"","publisher":{"@id":"https:\/\/holtersupplies.com\/#organization"},"potentialAction":[{"@type":"SearchAction","target":{"@type":"EntryPoint","urlTemplate":"https:\/\/holtersupplies.com\/?s={search_term_string}"},"query-input":{"@type":"PropertyValueSpecification","valueRequired":true,"valueName":"search_term_string"}}],"inLanguage":"es"},{"@type":"Organization","@id":"https:\/\/holtersupplies.com\/#organization","name":"Holter Supplies SAS","url":"https:\/\/holtersupplies.com\/","logo":{"@type":"ImageObject","inLanguage":"es","@id":"https:\/\/holtersupplies.com\/#\/schema\/logo\/image\/","url":"https:\/\/holtersupplies.com\/wp-content\/uploads\/2025\/12\/cropped-logo-holter-supplies@2x.webp","contentUrl":"https:\/\/holtersupplies.com\/wp-content\/uploads\/2025\/12\/cropped-logo-holter-supplies@2x.webp","width":512,"height":512,"caption":"Holter Supplies SAS"},"image":{"@id":"https:\/\/holtersupplies.com\/#\/schema\/logo\/image\/"},"sameAs":["https:\/\/www.linkedin.com\/company\/holter-supplies-sas\/","https:\/\/www.youtube.com\/@holtersupplies3740"]}]}},"_links":{"self":[{"href":"https:\/\/holtersupplies.com\/es\/wp-json\/wp\/v2\/product\/1862","targetHints":{"allow":["GET"]}}],"collection":[{"href":"https:\/\/holtersupplies.com\/es\/wp-json\/wp\/v2\/product"}],"about":[{"href":"https:\/\/holtersupplies.com\/es\/wp-json\/wp\/v2\/types\/product"}],"replies":[{"embeddable":true,"href":"https:\/\/holtersupplies.com\/es\/wp-json\/wp\/v2\/comments?post=1862"}],"wp:featuredmedia":[{"embeddable":true,"href":"https:\/\/holtersupplies.com\/es\/wp-json\/wp\/v2\/media\/1788"}],"wp:attachment":[{"href":"https:\/\/holtersupplies.com\/es\/wp-json\/wp\/v2\/media?parent=1862"}],"wp:term":[{"taxonomy":"product_brand","embeddable":true,"href":"https:\/\/holtersupplies.com\/es\/wp-json\/wp\/v2\/product_brand?post=1862"},{"taxonomy":"product_cat","embeddable":true,"href":"https:\/\/holtersupplies.com\/es\/wp-json\/wp\/v2\/product_cat?post=1862"},{"taxonomy":"product_tag","embeddable":true,"href":"https:\/\/holtersupplies.com\/es\/wp-json\/wp\/v2\/product_tag?post=1862"}],"curies":[{"name":"wp","href":"https:\/\/api.w.org\/{rel}","templated":true}]}}