{"id":1900,"date":"2025-05-02T15:09:39","date_gmt":"2025-05-02T13:09:39","guid":{"rendered":"https:\/\/projetweb.site\/holtersuppliessas\/produit\/cinturon-elastico-ancho\/"},"modified":"2025-05-02T15:09:39","modified_gmt":"2025-05-02T13:09:39","slug":"cinturon-elastico-ancho","status":"publish","type":"product","link":"https:\/\/holtersupplies.com\/es\/produit\/cinturon-elastico-ancho\/","title":{"rendered":"Cintur\u00f3n el\u00e1stico ancho"},"content":{"rendered":"<p>Cintur\u00f3n el\u00e1stico con 3 electrodos, para hombre.<br \/>\nEvita las reacciones cut\u00e1neas de los electrodos adhesivos.<br \/>\nEl registrador se engancha en el cintur\u00f3n.<br \/>\nEl cintur\u00f3n y los electrodos son lavables y, por lo tanto, reutilizables muchas veces.<\/p>\n<p><em><u>Incluye \u00fanicamente<\/u>:<\/em><\/p>\n<p><em>Un cintur\u00f3n el\u00e1stico y 3 electrodos reutilizables.<\/em><\/p>\n","protected":false},"excerpt":{"rendered":"<p>Cintur\u00f3n el\u00e1stico con 3 electrodos, para hombre. Evita las reacciones cut\u00e1neas de los electrodos adhesivos. El registrador se engancha en el cintur\u00f3n. El cintur\u00f3n y los electrodos son lavables y, por lo tanto, reutilizables muchas veces. Incluye \u00fanicamente: Un cintur\u00f3n el\u00e1stico y 3 electrodos reutilizables.<\/p>\n","protected":false},"featured_media":775,"comment_status":"open","ping_status":"closed","template":"","meta":[],"product_brand":[],"product_cat":[73,61],"product_tag":[],"class_list":{"0":"post-1900","1":"product","2":"type-product","3":"status-publish","4":"has-post-thumbnail","6":"product_cat-consumibles","7":"product_cat-ecg","9":"first","10":"instock","11":"taxable","12":"shipping-taxable","13":"purchasable","14":"product-type-variable"},"yoast_head":"<!-- This site is optimized with the Yoast SEO plugin v27.4 - https:\/\/yoast.com\/product\/yoast-seo-wordpress\/ -->\n<title>Cintur\u00f3n el\u00e1stico ancho - Holter Supplies SAS<\/title>\n<meta name=\"robots\" content=\"index, follow, max-snippet:-1, max-image-preview:large, max-video-preview:-1\" \/>\n<link rel=\"canonical\" href=\"https:\/\/holtersupplies.com\/es\/produit\/cinturon-elastico-ancho\/\" \/>\n<meta property=\"og:locale\" content=\"es_ES\" \/>\n<meta property=\"og:type\" content=\"article\" \/>\n<meta property=\"og:title\" content=\"Cintur\u00f3n el\u00e1stico ancho - Holter Supplies SAS\" \/>\n<meta property=\"og:description\" content=\"Cintur\u00f3n el\u00e1stico con 3 electrodos, para hombre. Evita las reacciones cut\u00e1neas de los electrodos adhesivos. El registrador se engancha en el cintur\u00f3n. El cintur\u00f3n y los electrodos son lavables y, por lo tanto, reutilizables muchas veces. Incluye \u00fanicamente: Un cintur\u00f3n el\u00e1stico y 3 electrodos reutilizables.\" \/>\n<meta property=\"og:url\" content=\"https:\/\/holtersupplies.com\/es\/produit\/cinturon-elastico-ancho\/\" \/>\n<meta property=\"og:site_name\" content=\"Holter Supplies SAS\" \/>\n<meta property=\"og:image\" content=\"https:\/\/holtersupplies.com\/wp-content\/uploads\/2025\/12\/ceintrure-elastique-large.jpg\" \/>\n\t<meta property=\"og:image:width\" content=\"900\" \/>\n\t<meta property=\"og:image:height\" content=\"900\" \/>\n\t<meta property=\"og:image:type\" content=\"image\/jpeg\" \/>\n<meta name=\"twitter:card\" content=\"summary_large_image\" \/>\n<script type=\"application\/ld+json\" class=\"yoast-schema-graph\">{\"@context\":\"https:\\\/\\\/schema.org\",\"@graph\":[{\"@type\":\"WebPage\",\"@id\":\"https:\\\/\\\/holtersupplies.com\\\/es\\\/produit\\\/cinturon-elastico-ancho\\\/\",\"url\":\"https:\\\/\\\/holtersupplies.com\\\/es\\\/produit\\\/cinturon-elastico-ancho\\\/\",\"name\":\"Cintur\u00f3n el\u00e1stico ancho - Holter Supplies SAS\",\"isPartOf\":{\"@id\":\"https:\\\/\\\/holtersupplies.com\\\/#website\"},\"primaryImageOfPage\":{\"@id\":\"https:\\\/\\\/holtersupplies.com\\\/es\\\/produit\\\/cinturon-elastico-ancho\\\/#primaryimage\"},\"image\":{\"@id\":\"https:\\\/\\\/holtersupplies.com\\\/es\\\/produit\\\/cinturon-elastico-ancho\\\/#primaryimage\"},\"thumbnailUrl\":\"https:\\\/\\\/holtersupplies.com\\\/wp-content\\\/uploads\\\/2025\\\/12\\\/ceintrure-elastique-large.jpg\",\"datePublished\":\"2025-05-02T13:09:39+00:00\",\"breadcrumb\":{\"@id\":\"https:\\\/\\\/holtersupplies.com\\\/es\\\/produit\\\/cinturon-elastico-ancho\\\/#breadcrumb\"},\"inLanguage\":\"es\",\"potentialAction\":[{\"@type\":\"ReadAction\",\"target\":[\"https:\\\/\\\/holtersupplies.com\\\/es\\\/produit\\\/cinturon-elastico-ancho\\\/\"]}]},{\"@type\":\"ImageObject\",\"inLanguage\":\"es\",\"@id\":\"https:\\\/\\\/holtersupplies.com\\\/es\\\/produit\\\/cinturon-elastico-ancho\\\/#primaryimage\",\"url\":\"https:\\\/\\\/holtersupplies.com\\\/wp-content\\\/uploads\\\/2025\\\/12\\\/ceintrure-elastique-large.jpg\",\"contentUrl\":\"https:\\\/\\\/holtersupplies.com\\\/wp-content\\\/uploads\\\/2025\\\/12\\\/ceintrure-elastique-large.jpg\",\"width\":900,\"height\":900},{\"@type\":\"BreadcrumbList\",\"@id\":\"https:\\\/\\\/holtersupplies.com\\\/es\\\/produit\\\/cinturon-elastico-ancho\\\/#breadcrumb\",\"itemListElement\":[{\"@type\":\"ListItem\",\"position\":1,\"name\":\"Accueil\",\"item\":\"https:\\\/\\\/holtersupplies.com\\\/es\\\/inicio\\\/\"},{\"@type\":\"ListItem\",\"position\":2,\"name\":\"Tienda\",\"item\":\"https:\\\/\\\/holtersupplies.com\\\/es\\\/tienda\\\/\"},{\"@type\":\"ListItem\",\"position\":3,\"name\":\"Cintur\u00f3n el\u00e1stico ancho\"}]},{\"@type\":\"WebSite\",\"@id\":\"https:\\\/\\\/holtersupplies.com\\\/#website\",\"url\":\"https:\\\/\\\/holtersupplies.com\\\/\",\"name\":\"Holter Supplies SAS\",\"description\":\"\",\"publisher\":{\"@id\":\"https:\\\/\\\/holtersupplies.com\\\/#organization\"},\"potentialAction\":[{\"@type\":\"SearchAction\",\"target\":{\"@type\":\"EntryPoint\",\"urlTemplate\":\"https:\\\/\\\/holtersupplies.com\\\/?s={search_term_string}\"},\"query-input\":{\"@type\":\"PropertyValueSpecification\",\"valueRequired\":true,\"valueName\":\"search_term_string\"}}],\"inLanguage\":\"es\"},{\"@type\":\"Organization\",\"@id\":\"https:\\\/\\\/holtersupplies.com\\\/#organization\",\"name\":\"Holter Supplies SAS\",\"url\":\"https:\\\/\\\/holtersupplies.com\\\/\",\"logo\":{\"@type\":\"ImageObject\",\"inLanguage\":\"es\",\"@id\":\"https:\\\/\\\/holtersupplies.com\\\/#\\\/schema\\\/logo\\\/image\\\/\",\"url\":\"https:\\\/\\\/holtersupplies.com\\\/wp-content\\\/uploads\\\/2025\\\/12\\\/cropped-logo-holter-supplies@2x.webp\",\"contentUrl\":\"https:\\\/\\\/holtersupplies.com\\\/wp-content\\\/uploads\\\/2025\\\/12\\\/cropped-logo-holter-supplies@2x.webp\",\"width\":512,\"height\":512,\"caption\":\"Holter Supplies SAS\"},\"image\":{\"@id\":\"https:\\\/\\\/holtersupplies.com\\\/#\\\/schema\\\/logo\\\/image\\\/\"},\"sameAs\":[\"https:\\\/\\\/www.linkedin.com\\\/company\\\/holter-supplies-sas\\\/\",\"https:\\\/\\\/www.youtube.com\\\/@holtersupplies3740\"]}]}<\/script>\n<!-- \/ Yoast SEO plugin. -->","yoast_head_json":{"title":"Cintur\u00f3n el\u00e1stico ancho - Holter Supplies SAS","robots":{"index":"index","follow":"follow","max-snippet":"max-snippet:-1","max-image-preview":"max-image-preview:large","max-video-preview":"max-video-preview:-1"},"canonical":"https:\/\/holtersupplies.com\/es\/produit\/cinturon-elastico-ancho\/","og_locale":"es_ES","og_type":"article","og_title":"Cintur\u00f3n el\u00e1stico ancho - Holter Supplies SAS","og_description":"Cintur\u00f3n el\u00e1stico con 3 electrodos, para hombre. Evita las reacciones cut\u00e1neas de los electrodos adhesivos. El registrador se engancha en el cintur\u00f3n. El cintur\u00f3n y los electrodos son lavables y, por lo tanto, reutilizables muchas veces. Incluye \u00fanicamente: Un cintur\u00f3n el\u00e1stico y 3 electrodos reutilizables.","og_url":"https:\/\/holtersupplies.com\/es\/produit\/cinturon-elastico-ancho\/","og_site_name":"Holter Supplies SAS","og_image":[{"width":900,"height":900,"url":"https:\/\/holtersupplies.com\/wp-content\/uploads\/2025\/12\/ceintrure-elastique-large.jpg","type":"image\/jpeg"}],"twitter_card":"summary_large_image","schema":{"@context":"https:\/\/schema.org","@graph":[{"@type":"WebPage","@id":"https:\/\/holtersupplies.com\/es\/produit\/cinturon-elastico-ancho\/","url":"https:\/\/holtersupplies.com\/es\/produit\/cinturon-elastico-ancho\/","name":"Cintur\u00f3n el\u00e1stico ancho - Holter Supplies SAS","isPartOf":{"@id":"https:\/\/holtersupplies.com\/#website"},"primaryImageOfPage":{"@id":"https:\/\/holtersupplies.com\/es\/produit\/cinturon-elastico-ancho\/#primaryimage"},"image":{"@id":"https:\/\/holtersupplies.com\/es\/produit\/cinturon-elastico-ancho\/#primaryimage"},"thumbnailUrl":"https:\/\/holtersupplies.com\/wp-content\/uploads\/2025\/12\/ceintrure-elastique-large.jpg","datePublished":"2025-05-02T13:09:39+00:00","breadcrumb":{"@id":"https:\/\/holtersupplies.com\/es\/produit\/cinturon-elastico-ancho\/#breadcrumb"},"inLanguage":"es","potentialAction":[{"@type":"ReadAction","target":["https:\/\/holtersupplies.com\/es\/produit\/cinturon-elastico-ancho\/"]}]},{"@type":"ImageObject","inLanguage":"es","@id":"https:\/\/holtersupplies.com\/es\/produit\/cinturon-elastico-ancho\/#primaryimage","url":"https:\/\/holtersupplies.com\/wp-content\/uploads\/2025\/12\/ceintrure-elastique-large.jpg","contentUrl":"https:\/\/holtersupplies.com\/wp-content\/uploads\/2025\/12\/ceintrure-elastique-large.jpg","width":900,"height":900},{"@type":"BreadcrumbList","@id":"https:\/\/holtersupplies.com\/es\/produit\/cinturon-elastico-ancho\/#breadcrumb","itemListElement":[{"@type":"ListItem","position":1,"name":"Accueil","item":"https:\/\/holtersupplies.com\/es\/inicio\/"},{"@type":"ListItem","position":2,"name":"Tienda","item":"https:\/\/holtersupplies.com\/es\/tienda\/"},{"@type":"ListItem","position":3,"name":"Cintur\u00f3n el\u00e1stico ancho"}]},{"@type":"WebSite","@id":"https:\/\/holtersupplies.com\/#website","url":"https:\/\/holtersupplies.com\/","name":"Holter Supplies SAS","description":"","publisher":{"@id":"https:\/\/holtersupplies.com\/#organization"},"potentialAction":[{"@type":"SearchAction","target":{"@type":"EntryPoint","urlTemplate":"https:\/\/holtersupplies.com\/?s={search_term_string}"},"query-input":{"@type":"PropertyValueSpecification","valueRequired":true,"valueName":"search_term_string"}}],"inLanguage":"es"},{"@type":"Organization","@id":"https:\/\/holtersupplies.com\/#organization","name":"Holter Supplies SAS","url":"https:\/\/holtersupplies.com\/","logo":{"@type":"ImageObject","inLanguage":"es","@id":"https:\/\/holtersupplies.com\/#\/schema\/logo\/image\/","url":"https:\/\/holtersupplies.com\/wp-content\/uploads\/2025\/12\/cropped-logo-holter-supplies@2x.webp","contentUrl":"https:\/\/holtersupplies.com\/wp-content\/uploads\/2025\/12\/cropped-logo-holter-supplies@2x.webp","width":512,"height":512,"caption":"Holter Supplies SAS"},"image":{"@id":"https:\/\/holtersupplies.com\/#\/schema\/logo\/image\/"},"sameAs":["https:\/\/www.linkedin.com\/company\/holter-supplies-sas\/","https:\/\/www.youtube.com\/@holtersupplies3740"]}]}},"_links":{"self":[{"href":"https:\/\/holtersupplies.com\/es\/wp-json\/wp\/v2\/product\/1900","targetHints":{"allow":["GET"]}}],"collection":[{"href":"https:\/\/holtersupplies.com\/es\/wp-json\/wp\/v2\/product"}],"about":[{"href":"https:\/\/holtersupplies.com\/es\/wp-json\/wp\/v2\/types\/product"}],"replies":[{"embeddable":true,"href":"https:\/\/holtersupplies.com\/es\/wp-json\/wp\/v2\/comments?post=1900"}],"wp:featuredmedia":[{"embeddable":true,"href":"https:\/\/holtersupplies.com\/es\/wp-json\/wp\/v2\/media\/775"}],"wp:attachment":[{"href":"https:\/\/holtersupplies.com\/es\/wp-json\/wp\/v2\/media?parent=1900"}],"wp:term":[{"taxonomy":"product_brand","embeddable":true,"href":"https:\/\/holtersupplies.com\/es\/wp-json\/wp\/v2\/product_brand?post=1900"},{"taxonomy":"product_cat","embeddable":true,"href":"https:\/\/holtersupplies.com\/es\/wp-json\/wp\/v2\/product_cat?post=1900"},{"taxonomy":"product_tag","embeddable":true,"href":"https:\/\/holtersupplies.com\/es\/wp-json\/wp\/v2\/product_tag?post=1900"}],"curies":[{"name":"wp","href":"https:\/\/api.w.org\/{rel}","templated":true}]}}