{"id":1939,"date":"2025-01-02T15:54:45","date_gmt":"2025-01-02T14:54:45","guid":{"rendered":"https:\/\/projetweb.site\/holtersuppliessas\/produit\/kit-holter-a-1000-10-dias\/"},"modified":"2025-01-02T15:54:45","modified_gmt":"2025-01-02T14:54:45","slug":"kit-holter-a-1000-10-dias","status":"publish","type":"product","link":"https:\/\/holtersupplies.com\/es\/produit\/kit-holter-a-1000-10-dias\/","title":{"rendered":"Kit Holter A 1000+ (10 d\u00edas)"},"content":{"rendered":"<ul>\n<li>Kit de inicio: con un malet\u00edn + 1 grabador AFT1000+a + 1 cable ECG + 100 fundas de protecci\u00f3n + 10 cintas para el cuello + cable USB + Suscripci\u00f3n de 1 a\u00f1o a Quick Reader \/dongle + Gu\u00eda<\/li>\n<\/ul>\n<p>&nbsp;<\/p>\n<ul>\n<li>El kit Holter A1000+ permite un seguimiento ECG prolongado de hasta 10 d\u00edas, ofreciendo una monitorizaci\u00f3n \u00f3ptima para las arritmias intermitentes o poco frecuentes. Su autonom\u00eda extendida, su memoria reforzada y su comodidad de uso lo convierten en una soluci\u00f3n de referencia para los protocolos de larga duraci\u00f3n sin interrupci\u00f3n. <\/li>\n<\/ul>\n","protected":false},"excerpt":{"rendered":"<p>Kit de inicio: con un malet\u00edn + 1 grabadora AFT L24 + 1 cable ECG + 100 fundas de protecci\u00f3n + 10<br \/>\ncintas para el cuello + cable USB + Suscripci\u00f3n de 1 a\u00f1o a Quick Reader \/dongle + Gu\u00eda<\/p>\n","protected":false},"featured_media":1463,"comment_status":"open","ping_status":"closed","template":"","meta":[],"product_brand":[],"product_cat":[61,60,63],"product_tag":[85],"class_list":{"0":"post-1939","1":"product","2":"type-product","3":"status-publish","4":"has-post-thumbnail","6":"product_cat-ecg","7":"product_cat-kit","8":"product_cat-registradores","9":"product_tag-85","11":"first","12":"instock","13":"taxable","14":"shipping-taxable","15":"purchasable","16":"product-type-simple"},"yoast_head":"<!-- This site is optimized with the Yoast SEO plugin v27.4 - https:\/\/yoast.com\/product\/yoast-seo-wordpress\/ -->\n<title>Kit Holter A 1000+ (10 d\u00edas) - Holter Supplies SAS<\/title>\n<meta name=\"robots\" content=\"index, follow, max-snippet:-1, max-image-preview:large, max-video-preview:-1\" \/>\n<link rel=\"canonical\" href=\"https:\/\/holtersupplies.com\/es\/produit\/kit-holter-a-1000-10-dias\/\" \/>\n<meta property=\"og:locale\" content=\"es_ES\" \/>\n<meta property=\"og:type\" content=\"article\" \/>\n<meta property=\"og:title\" content=\"Kit Holter A 1000+ (10 d\u00edas) - Holter Supplies SAS\" \/>\n<meta property=\"og:description\" content=\"Kit de inicio: con un malet\u00edn + 1 grabadora AFT L24 + 1 cable ECG + 100 fundas de protecci\u00f3n + 10 cintas para el cuello + cable USB + Suscripci\u00f3n de 1 a\u00f1o a Quick Reader \/dongle + Gu\u00eda\" \/>\n<meta property=\"og:url\" content=\"https:\/\/holtersupplies.com\/es\/produit\/kit-holter-a-1000-10-dias\/\" \/>\n<meta property=\"og:site_name\" content=\"Holter Supplies SAS\" \/>\n<meta property=\"og:image\" content=\"https:\/\/holtersupplies.com\/wp-content\/uploads\/2025\/01\/malette-kit-solo-AFT-1000.jpg\" \/>\n\t<meta property=\"og:image:width\" content=\"832\" \/>\n\t<meta property=\"og:image:height\" content=\"832\" \/>\n\t<meta property=\"og:image:type\" content=\"image\/jpeg\" \/>\n<meta name=\"twitter:card\" content=\"summary_large_image\" \/>\n<script type=\"application\/ld+json\" class=\"yoast-schema-graph\">{\"@context\":\"https:\\\/\\\/schema.org\",\"@graph\":[{\"@type\":\"WebPage\",\"@id\":\"https:\\\/\\\/holtersupplies.com\\\/es\\\/produit\\\/kit-holter-a-1000-10-dias\\\/\",\"url\":\"https:\\\/\\\/holtersupplies.com\\\/es\\\/produit\\\/kit-holter-a-1000-10-dias\\\/\",\"name\":\"Kit Holter A 1000+ (10 d\u00edas) - Holter Supplies SAS\",\"isPartOf\":{\"@id\":\"https:\\\/\\\/holtersupplies.com\\\/#website\"},\"primaryImageOfPage\":{\"@id\":\"https:\\\/\\\/holtersupplies.com\\\/es\\\/produit\\\/kit-holter-a-1000-10-dias\\\/#primaryimage\"},\"image\":{\"@id\":\"https:\\\/\\\/holtersupplies.com\\\/es\\\/produit\\\/kit-holter-a-1000-10-dias\\\/#primaryimage\"},\"thumbnailUrl\":\"https:\\\/\\\/holtersupplies.com\\\/wp-content\\\/uploads\\\/2025\\\/01\\\/malette-kit-solo-AFT-1000.jpg\",\"datePublished\":\"2025-01-02T14:54:45+00:00\",\"breadcrumb\":{\"@id\":\"https:\\\/\\\/holtersupplies.com\\\/es\\\/produit\\\/kit-holter-a-1000-10-dias\\\/#breadcrumb\"},\"inLanguage\":\"es\",\"potentialAction\":[{\"@type\":\"ReadAction\",\"target\":[\"https:\\\/\\\/holtersupplies.com\\\/es\\\/produit\\\/kit-holter-a-1000-10-dias\\\/\"]}]},{\"@type\":\"ImageObject\",\"inLanguage\":\"es\",\"@id\":\"https:\\\/\\\/holtersupplies.com\\\/es\\\/produit\\\/kit-holter-a-1000-10-dias\\\/#primaryimage\",\"url\":\"https:\\\/\\\/holtersupplies.com\\\/wp-content\\\/uploads\\\/2025\\\/01\\\/malette-kit-solo-AFT-1000.jpg\",\"contentUrl\":\"https:\\\/\\\/holtersupplies.com\\\/wp-content\\\/uploads\\\/2025\\\/01\\\/malette-kit-solo-AFT-1000.jpg\",\"width\":832,\"height\":832},{\"@type\":\"BreadcrumbList\",\"@id\":\"https:\\\/\\\/holtersupplies.com\\\/es\\\/produit\\\/kit-holter-a-1000-10-dias\\\/#breadcrumb\",\"itemListElement\":[{\"@type\":\"ListItem\",\"position\":1,\"name\":\"Accueil\",\"item\":\"https:\\\/\\\/holtersupplies.com\\\/es\\\/inicio\\\/\"},{\"@type\":\"ListItem\",\"position\":2,\"name\":\"Tienda\",\"item\":\"https:\\\/\\\/holtersupplies.com\\\/es\\\/tienda\\\/\"},{\"@type\":\"ListItem\",\"position\":3,\"name\":\"Kit Holter A 1000+ (10 d\u00edas)\"}]},{\"@type\":\"WebSite\",\"@id\":\"https:\\\/\\\/holtersupplies.com\\\/#website\",\"url\":\"https:\\\/\\\/holtersupplies.com\\\/\",\"name\":\"Holter Supplies SAS\",\"description\":\"\",\"publisher\":{\"@id\":\"https:\\\/\\\/holtersupplies.com\\\/#organization\"},\"potentialAction\":[{\"@type\":\"SearchAction\",\"target\":{\"@type\":\"EntryPoint\",\"urlTemplate\":\"https:\\\/\\\/holtersupplies.com\\\/?s={search_term_string}\"},\"query-input\":{\"@type\":\"PropertyValueSpecification\",\"valueRequired\":true,\"valueName\":\"search_term_string\"}}],\"inLanguage\":\"es\"},{\"@type\":\"Organization\",\"@id\":\"https:\\\/\\\/holtersupplies.com\\\/#organization\",\"name\":\"Holter Supplies SAS\",\"url\":\"https:\\\/\\\/holtersupplies.com\\\/\",\"logo\":{\"@type\":\"ImageObject\",\"inLanguage\":\"es\",\"@id\":\"https:\\\/\\\/holtersupplies.com\\\/#\\\/schema\\\/logo\\\/image\\\/\",\"url\":\"https:\\\/\\\/holtersupplies.com\\\/wp-content\\\/uploads\\\/2025\\\/12\\\/cropped-logo-holter-supplies@2x.webp\",\"contentUrl\":\"https:\\\/\\\/holtersupplies.com\\\/wp-content\\\/uploads\\\/2025\\\/12\\\/cropped-logo-holter-supplies@2x.webp\",\"width\":512,\"height\":512,\"caption\":\"Holter Supplies SAS\"},\"image\":{\"@id\":\"https:\\\/\\\/holtersupplies.com\\\/#\\\/schema\\\/logo\\\/image\\\/\"},\"sameAs\":[\"https:\\\/\\\/www.linkedin.com\\\/company\\\/holter-supplies-sas\\\/\",\"https:\\\/\\\/www.youtube.com\\\/@holtersupplies3740\"]}]}<\/script>\n<!-- \/ Yoast SEO plugin. -->","yoast_head_json":{"title":"Kit Holter A 1000+ (10 d\u00edas) - Holter Supplies SAS","robots":{"index":"index","follow":"follow","max-snippet":"max-snippet:-1","max-image-preview":"max-image-preview:large","max-video-preview":"max-video-preview:-1"},"canonical":"https:\/\/holtersupplies.com\/es\/produit\/kit-holter-a-1000-10-dias\/","og_locale":"es_ES","og_type":"article","og_title":"Kit Holter A 1000+ (10 d\u00edas) - Holter Supplies SAS","og_description":"Kit de inicio: con un malet\u00edn + 1 grabadora AFT L24 + 1 cable ECG + 100 fundas de protecci\u00f3n + 10 cintas para el cuello + cable USB + Suscripci\u00f3n de 1 a\u00f1o a Quick Reader \/dongle + Gu\u00eda","og_url":"https:\/\/holtersupplies.com\/es\/produit\/kit-holter-a-1000-10-dias\/","og_site_name":"Holter Supplies SAS","og_image":[{"width":832,"height":832,"url":"https:\/\/holtersupplies.com\/wp-content\/uploads\/2025\/01\/malette-kit-solo-AFT-1000.jpg","type":"image\/jpeg"}],"twitter_card":"summary_large_image","schema":{"@context":"https:\/\/schema.org","@graph":[{"@type":"WebPage","@id":"https:\/\/holtersupplies.com\/es\/produit\/kit-holter-a-1000-10-dias\/","url":"https:\/\/holtersupplies.com\/es\/produit\/kit-holter-a-1000-10-dias\/","name":"Kit Holter A 1000+ (10 d\u00edas) - Holter Supplies SAS","isPartOf":{"@id":"https:\/\/holtersupplies.com\/#website"},"primaryImageOfPage":{"@id":"https:\/\/holtersupplies.com\/es\/produit\/kit-holter-a-1000-10-dias\/#primaryimage"},"image":{"@id":"https:\/\/holtersupplies.com\/es\/produit\/kit-holter-a-1000-10-dias\/#primaryimage"},"thumbnailUrl":"https:\/\/holtersupplies.com\/wp-content\/uploads\/2025\/01\/malette-kit-solo-AFT-1000.jpg","datePublished":"2025-01-02T14:54:45+00:00","breadcrumb":{"@id":"https:\/\/holtersupplies.com\/es\/produit\/kit-holter-a-1000-10-dias\/#breadcrumb"},"inLanguage":"es","potentialAction":[{"@type":"ReadAction","target":["https:\/\/holtersupplies.com\/es\/produit\/kit-holter-a-1000-10-dias\/"]}]},{"@type":"ImageObject","inLanguage":"es","@id":"https:\/\/holtersupplies.com\/es\/produit\/kit-holter-a-1000-10-dias\/#primaryimage","url":"https:\/\/holtersupplies.com\/wp-content\/uploads\/2025\/01\/malette-kit-solo-AFT-1000.jpg","contentUrl":"https:\/\/holtersupplies.com\/wp-content\/uploads\/2025\/01\/malette-kit-solo-AFT-1000.jpg","width":832,"height":832},{"@type":"BreadcrumbList","@id":"https:\/\/holtersupplies.com\/es\/produit\/kit-holter-a-1000-10-dias\/#breadcrumb","itemListElement":[{"@type":"ListItem","position":1,"name":"Accueil","item":"https:\/\/holtersupplies.com\/es\/inicio\/"},{"@type":"ListItem","position":2,"name":"Tienda","item":"https:\/\/holtersupplies.com\/es\/tienda\/"},{"@type":"ListItem","position":3,"name":"Kit Holter A 1000+ (10 d\u00edas)"}]},{"@type":"WebSite","@id":"https:\/\/holtersupplies.com\/#website","url":"https:\/\/holtersupplies.com\/","name":"Holter Supplies SAS","description":"","publisher":{"@id":"https:\/\/holtersupplies.com\/#organization"},"potentialAction":[{"@type":"SearchAction","target":{"@type":"EntryPoint","urlTemplate":"https:\/\/holtersupplies.com\/?s={search_term_string}"},"query-input":{"@type":"PropertyValueSpecification","valueRequired":true,"valueName":"search_term_string"}}],"inLanguage":"es"},{"@type":"Organization","@id":"https:\/\/holtersupplies.com\/#organization","name":"Holter Supplies SAS","url":"https:\/\/holtersupplies.com\/","logo":{"@type":"ImageObject","inLanguage":"es","@id":"https:\/\/holtersupplies.com\/#\/schema\/logo\/image\/","url":"https:\/\/holtersupplies.com\/wp-content\/uploads\/2025\/12\/cropped-logo-holter-supplies@2x.webp","contentUrl":"https:\/\/holtersupplies.com\/wp-content\/uploads\/2025\/12\/cropped-logo-holter-supplies@2x.webp","width":512,"height":512,"caption":"Holter Supplies SAS"},"image":{"@id":"https:\/\/holtersupplies.com\/#\/schema\/logo\/image\/"},"sameAs":["https:\/\/www.linkedin.com\/company\/holter-supplies-sas\/","https:\/\/www.youtube.com\/@holtersupplies3740"]}]}},"_links":{"self":[{"href":"https:\/\/holtersupplies.com\/es\/wp-json\/wp\/v2\/product\/1939","targetHints":{"allow":["GET"]}}],"collection":[{"href":"https:\/\/holtersupplies.com\/es\/wp-json\/wp\/v2\/product"}],"about":[{"href":"https:\/\/holtersupplies.com\/es\/wp-json\/wp\/v2\/types\/product"}],"replies":[{"embeddable":true,"href":"https:\/\/holtersupplies.com\/es\/wp-json\/wp\/v2\/comments?post=1939"}],"wp:featuredmedia":[{"embeddable":true,"href":"https:\/\/holtersupplies.com\/es\/wp-json\/wp\/v2\/media\/1463"}],"wp:attachment":[{"href":"https:\/\/holtersupplies.com\/es\/wp-json\/wp\/v2\/media?parent=1939"}],"wp:term":[{"taxonomy":"product_brand","embeddable":true,"href":"https:\/\/holtersupplies.com\/es\/wp-json\/wp\/v2\/product_brand?post=1939"},{"taxonomy":"product_cat","embeddable":true,"href":"https:\/\/holtersupplies.com\/es\/wp-json\/wp\/v2\/product_cat?post=1939"},{"taxonomy":"product_tag","embeddable":true,"href":"https:\/\/holtersupplies.com\/es\/wp-json\/wp\/v2\/product_tag?post=1939"}],"curies":[{"name":"wp","href":"https:\/\/api.w.org\/{rel}","templated":true}]}}