{"id":1971,"date":"2025-02-02T15:49:52","date_gmt":"2025-02-02T14:49:52","guid":{"rendered":"https:\/\/projetweb.site\/holtersuppliessas\/produit\/registradores-aft-light\/"},"modified":"2025-02-02T15:49:52","modified_gmt":"2025-02-02T14:49:52","slug":"registradores-aft-light","status":"publish","type":"product","link":"https:\/\/holtersupplies.com\/es\/produit\/registradores-aft-light\/","title":{"rendered":"Registradores AFT LIGHT"},"content":{"rendered":"<p><strong>Registrador Holter de 1 a 10 d\u00edas, 250 Hz, 2 canales, 3 brazos portaelectrodos, estanco<\/strong><\/p>\n<p data-start=\"247\" data-end=\"670\">AFT Light es un registrador de ECG Holter de \u00faltima generaci\u00f3n dise\u00f1ado para exploraciones ambulatorias de hasta diez d\u00edas. Gracias a su carcasa extremadamente compacta (43 \u00d7 64 \u00d7 14 mm) y su peso reducido, ofrece una integraci\u00f3n discreta y una gran comodidad para el paciente. La bater\u00eda est\u00e1 integrada y es recargable, lo que elimina la necesidad de pilas desechables y permite realizar registros prolongados sin interrumpir la monitorizaci\u00f3n.  <\/p>\n<p data-start=\"672\" data-end=\"1179\">El dispositivo captura una se\u00f1al de ECG a 250 Hz con una resoluci\u00f3n fina de 10 \u00b5V, lo que garantiza una calidad de datos adecuada para el diagn\u00f3stico de trastornos del ritmo. Su dise\u00f1o inal\u00e1mbrico minimiza los artefactos relacionados con los movimientos y facilita la colocaci\u00f3n. La sencilla interfaz de usuario con indicadores LED permite comprobar r\u00e1pidamente el estado del registro y la calidad de la se\u00f1al. AFT Light es ideal para exploraciones que requieren un buen compromiso entre <strong data-start=\"1124\" data-end=\"1178\">larga duraci\u00f3n, comodidad del paciente y calidad de la se\u00f1al<\/strong>.   <\/p>\n","protected":false},"excerpt":{"rendered":"<p>Registrador Holter de 1 a 10 d\u00edas, 250 Hz, 2 canales, 3 brazos portaelectrodos, estanco AFT Light es un registrador de ECG Holter de \u00faltima generaci\u00f3n dise\u00f1ado para exploraciones ambulatorias de hasta diez d\u00edas. Gracias a su carcasa extremadamente compacta (43 \u00d7 64 \u00d7 14 mm) y su peso reducido, ofrece una integraci\u00f3n discreta y [&hellip;]<\/p>\n","protected":false},"featured_media":1641,"comment_status":"open","ping_status":"closed","template":"","meta":[],"product_brand":[],"product_cat":[61,63],"product_tag":[],"class_list":{"0":"post-1971","1":"product","2":"type-product","3":"status-publish","4":"has-post-thumbnail","6":"product_cat-ecg","7":"product_cat-registradores","9":"first","10":"instock","11":"taxable","12":"shipping-taxable","13":"purchasable","14":"product-type-variable"},"yoast_head":"<!-- This site is optimized with the Yoast SEO plugin v27.4 - https:\/\/yoast.com\/product\/yoast-seo-wordpress\/ -->\n<title>Registradores AFT LIGHT - Holter Supplies SAS<\/title>\n<meta name=\"robots\" content=\"index, follow, max-snippet:-1, max-image-preview:large, max-video-preview:-1\" \/>\n<link rel=\"canonical\" href=\"https:\/\/holtersupplies.com\/es\/produit\/registradores-aft-light\/\" \/>\n<meta property=\"og:locale\" content=\"es_ES\" \/>\n<meta property=\"og:type\" content=\"article\" \/>\n<meta property=\"og:title\" content=\"Registradores AFT LIGHT - Holter Supplies SAS\" \/>\n<meta property=\"og:description\" content=\"Registrador Holter de 1 a 10 d\u00edas, 250 Hz, 2 canales, 3 brazos portaelectrodos, estanco AFT Light es un registrador de ECG Holter de \u00faltima generaci\u00f3n dise\u00f1ado para exploraciones ambulatorias de hasta diez d\u00edas. Gracias a su carcasa extremadamente compacta (43 \u00d7 64 \u00d7 14 mm) y su peso reducido, ofrece una integraci\u00f3n discreta y [&hellip;]\" \/>\n<meta property=\"og:url\" content=\"https:\/\/holtersupplies.com\/es\/produit\/registradores-aft-light\/\" \/>\n<meta property=\"og:site_name\" content=\"Holter Supplies SAS\" \/>\n<meta property=\"og:image\" content=\"https:\/\/holtersupplies.com\/wp-content\/uploads\/2025\/12\/AFTLight02R.jpg\" \/>\n\t<meta property=\"og:image:width\" content=\"900\" \/>\n\t<meta property=\"og:image:height\" content=\"900\" \/>\n\t<meta property=\"og:image:type\" content=\"image\/jpeg\" \/>\n<meta name=\"twitter:card\" content=\"summary_large_image\" \/>\n<meta name=\"twitter:label1\" content=\"Tiempo de lectura\" \/>\n\t<meta name=\"twitter:data1\" content=\"1 minuto\" \/>\n<script type=\"application\/ld+json\" class=\"yoast-schema-graph\">{\"@context\":\"https:\\\/\\\/schema.org\",\"@graph\":[{\"@type\":\"WebPage\",\"@id\":\"https:\\\/\\\/holtersupplies.com\\\/es\\\/produit\\\/registradores-aft-light\\\/\",\"url\":\"https:\\\/\\\/holtersupplies.com\\\/es\\\/produit\\\/registradores-aft-light\\\/\",\"name\":\"Registradores AFT LIGHT - Holter Supplies SAS\",\"isPartOf\":{\"@id\":\"https:\\\/\\\/holtersupplies.com\\\/#website\"},\"primaryImageOfPage\":{\"@id\":\"https:\\\/\\\/holtersupplies.com\\\/es\\\/produit\\\/registradores-aft-light\\\/#primaryimage\"},\"image\":{\"@id\":\"https:\\\/\\\/holtersupplies.com\\\/es\\\/produit\\\/registradores-aft-light\\\/#primaryimage\"},\"thumbnailUrl\":\"https:\\\/\\\/holtersupplies.com\\\/wp-content\\\/uploads\\\/2025\\\/12\\\/AFTLight02R.jpg\",\"datePublished\":\"2025-02-02T14:49:52+00:00\",\"breadcrumb\":{\"@id\":\"https:\\\/\\\/holtersupplies.com\\\/es\\\/produit\\\/registradores-aft-light\\\/#breadcrumb\"},\"inLanguage\":\"es\",\"potentialAction\":[{\"@type\":\"ReadAction\",\"target\":[\"https:\\\/\\\/holtersupplies.com\\\/es\\\/produit\\\/registradores-aft-light\\\/\"]}]},{\"@type\":\"ImageObject\",\"inLanguage\":\"es\",\"@id\":\"https:\\\/\\\/holtersupplies.com\\\/es\\\/produit\\\/registradores-aft-light\\\/#primaryimage\",\"url\":\"https:\\\/\\\/holtersupplies.com\\\/wp-content\\\/uploads\\\/2025\\\/12\\\/AFTLight02R.jpg\",\"contentUrl\":\"https:\\\/\\\/holtersupplies.com\\\/wp-content\\\/uploads\\\/2025\\\/12\\\/AFTLight02R.jpg\",\"width\":900,\"height\":900},{\"@type\":\"BreadcrumbList\",\"@id\":\"https:\\\/\\\/holtersupplies.com\\\/es\\\/produit\\\/registradores-aft-light\\\/#breadcrumb\",\"itemListElement\":[{\"@type\":\"ListItem\",\"position\":1,\"name\":\"Accueil\",\"item\":\"https:\\\/\\\/holtersupplies.com\\\/es\\\/inicio\\\/\"},{\"@type\":\"ListItem\",\"position\":2,\"name\":\"Tienda\",\"item\":\"https:\\\/\\\/holtersupplies.com\\\/es\\\/tienda\\\/\"},{\"@type\":\"ListItem\",\"position\":3,\"name\":\"Registradores AFT LIGHT\"}]},{\"@type\":\"WebSite\",\"@id\":\"https:\\\/\\\/holtersupplies.com\\\/#website\",\"url\":\"https:\\\/\\\/holtersupplies.com\\\/\",\"name\":\"Holter Supplies SAS\",\"description\":\"\",\"publisher\":{\"@id\":\"https:\\\/\\\/holtersupplies.com\\\/#organization\"},\"potentialAction\":[{\"@type\":\"SearchAction\",\"target\":{\"@type\":\"EntryPoint\",\"urlTemplate\":\"https:\\\/\\\/holtersupplies.com\\\/?s={search_term_string}\"},\"query-input\":{\"@type\":\"PropertyValueSpecification\",\"valueRequired\":true,\"valueName\":\"search_term_string\"}}],\"inLanguage\":\"es\"},{\"@type\":\"Organization\",\"@id\":\"https:\\\/\\\/holtersupplies.com\\\/#organization\",\"name\":\"Holter Supplies SAS\",\"url\":\"https:\\\/\\\/holtersupplies.com\\\/\",\"logo\":{\"@type\":\"ImageObject\",\"inLanguage\":\"es\",\"@id\":\"https:\\\/\\\/holtersupplies.com\\\/#\\\/schema\\\/logo\\\/image\\\/\",\"url\":\"https:\\\/\\\/holtersupplies.com\\\/wp-content\\\/uploads\\\/2025\\\/12\\\/cropped-logo-holter-supplies@2x.webp\",\"contentUrl\":\"https:\\\/\\\/holtersupplies.com\\\/wp-content\\\/uploads\\\/2025\\\/12\\\/cropped-logo-holter-supplies@2x.webp\",\"width\":512,\"height\":512,\"caption\":\"Holter Supplies SAS\"},\"image\":{\"@id\":\"https:\\\/\\\/holtersupplies.com\\\/#\\\/schema\\\/logo\\\/image\\\/\"},\"sameAs\":[\"https:\\\/\\\/www.linkedin.com\\\/company\\\/holter-supplies-sas\\\/\",\"https:\\\/\\\/www.youtube.com\\\/@holtersupplies3740\"]}]}<\/script>\n<!-- \/ Yoast SEO plugin. -->","yoast_head_json":{"title":"Registradores AFT LIGHT - Holter Supplies SAS","robots":{"index":"index","follow":"follow","max-snippet":"max-snippet:-1","max-image-preview":"max-image-preview:large","max-video-preview":"max-video-preview:-1"},"canonical":"https:\/\/holtersupplies.com\/es\/produit\/registradores-aft-light\/","og_locale":"es_ES","og_type":"article","og_title":"Registradores AFT LIGHT - Holter Supplies SAS","og_description":"Registrador Holter de 1 a 10 d\u00edas, 250 Hz, 2 canales, 3 brazos portaelectrodos, estanco AFT Light es un registrador de ECG Holter de \u00faltima generaci\u00f3n dise\u00f1ado para exploraciones ambulatorias de hasta diez d\u00edas. Gracias a su carcasa extremadamente compacta (43 \u00d7 64 \u00d7 14 mm) y su peso reducido, ofrece una integraci\u00f3n discreta y [&hellip;]","og_url":"https:\/\/holtersupplies.com\/es\/produit\/registradores-aft-light\/","og_site_name":"Holter Supplies SAS","og_image":[{"width":900,"height":900,"url":"https:\/\/holtersupplies.com\/wp-content\/uploads\/2025\/12\/AFTLight02R.jpg","type":"image\/jpeg"}],"twitter_card":"summary_large_image","twitter_misc":{"Tiempo de lectura":"1 minuto"},"schema":{"@context":"https:\/\/schema.org","@graph":[{"@type":"WebPage","@id":"https:\/\/holtersupplies.com\/es\/produit\/registradores-aft-light\/","url":"https:\/\/holtersupplies.com\/es\/produit\/registradores-aft-light\/","name":"Registradores AFT LIGHT - Holter Supplies SAS","isPartOf":{"@id":"https:\/\/holtersupplies.com\/#website"},"primaryImageOfPage":{"@id":"https:\/\/holtersupplies.com\/es\/produit\/registradores-aft-light\/#primaryimage"},"image":{"@id":"https:\/\/holtersupplies.com\/es\/produit\/registradores-aft-light\/#primaryimage"},"thumbnailUrl":"https:\/\/holtersupplies.com\/wp-content\/uploads\/2025\/12\/AFTLight02R.jpg","datePublished":"2025-02-02T14:49:52+00:00","breadcrumb":{"@id":"https:\/\/holtersupplies.com\/es\/produit\/registradores-aft-light\/#breadcrumb"},"inLanguage":"es","potentialAction":[{"@type":"ReadAction","target":["https:\/\/holtersupplies.com\/es\/produit\/registradores-aft-light\/"]}]},{"@type":"ImageObject","inLanguage":"es","@id":"https:\/\/holtersupplies.com\/es\/produit\/registradores-aft-light\/#primaryimage","url":"https:\/\/holtersupplies.com\/wp-content\/uploads\/2025\/12\/AFTLight02R.jpg","contentUrl":"https:\/\/holtersupplies.com\/wp-content\/uploads\/2025\/12\/AFTLight02R.jpg","width":900,"height":900},{"@type":"BreadcrumbList","@id":"https:\/\/holtersupplies.com\/es\/produit\/registradores-aft-light\/#breadcrumb","itemListElement":[{"@type":"ListItem","position":1,"name":"Accueil","item":"https:\/\/holtersupplies.com\/es\/inicio\/"},{"@type":"ListItem","position":2,"name":"Tienda","item":"https:\/\/holtersupplies.com\/es\/tienda\/"},{"@type":"ListItem","position":3,"name":"Registradores AFT LIGHT"}]},{"@type":"WebSite","@id":"https:\/\/holtersupplies.com\/#website","url":"https:\/\/holtersupplies.com\/","name":"Holter Supplies SAS","description":"","publisher":{"@id":"https:\/\/holtersupplies.com\/#organization"},"potentialAction":[{"@type":"SearchAction","target":{"@type":"EntryPoint","urlTemplate":"https:\/\/holtersupplies.com\/?s={search_term_string}"},"query-input":{"@type":"PropertyValueSpecification","valueRequired":true,"valueName":"search_term_string"}}],"inLanguage":"es"},{"@type":"Organization","@id":"https:\/\/holtersupplies.com\/#organization","name":"Holter Supplies SAS","url":"https:\/\/holtersupplies.com\/","logo":{"@type":"ImageObject","inLanguage":"es","@id":"https:\/\/holtersupplies.com\/#\/schema\/logo\/image\/","url":"https:\/\/holtersupplies.com\/wp-content\/uploads\/2025\/12\/cropped-logo-holter-supplies@2x.webp","contentUrl":"https:\/\/holtersupplies.com\/wp-content\/uploads\/2025\/12\/cropped-logo-holter-supplies@2x.webp","width":512,"height":512,"caption":"Holter Supplies SAS"},"image":{"@id":"https:\/\/holtersupplies.com\/#\/schema\/logo\/image\/"},"sameAs":["https:\/\/www.linkedin.com\/company\/holter-supplies-sas\/","https:\/\/www.youtube.com\/@holtersupplies3740"]}]}},"_links":{"self":[{"href":"https:\/\/holtersupplies.com\/es\/wp-json\/wp\/v2\/product\/1971","targetHints":{"allow":["GET"]}}],"collection":[{"href":"https:\/\/holtersupplies.com\/es\/wp-json\/wp\/v2\/product"}],"about":[{"href":"https:\/\/holtersupplies.com\/es\/wp-json\/wp\/v2\/types\/product"}],"replies":[{"embeddable":true,"href":"https:\/\/holtersupplies.com\/es\/wp-json\/wp\/v2\/comments?post=1971"}],"wp:featuredmedia":[{"embeddable":true,"href":"https:\/\/holtersupplies.com\/es\/wp-json\/wp\/v2\/media\/1641"}],"wp:attachment":[{"href":"https:\/\/holtersupplies.com\/es\/wp-json\/wp\/v2\/media?parent=1971"}],"wp:term":[{"taxonomy":"product_brand","embeddable":true,"href":"https:\/\/holtersupplies.com\/es\/wp-json\/wp\/v2\/product_brand?post=1971"},{"taxonomy":"product_cat","embeddable":true,"href":"https:\/\/holtersupplies.com\/es\/wp-json\/wp\/v2\/product_cat?post=1971"},{"taxonomy":"product_tag","embeddable":true,"href":"https:\/\/holtersupplies.com\/es\/wp-json\/wp\/v2\/product_tag?post=1971"}],"curies":[{"name":"wp","href":"https:\/\/api.w.org\/{rel}","templated":true}]}}